{"id":4621,"date":"2021-09-22T09:17:07","date_gmt":"2021-09-22T13:17:07","guid":{"rendered":"https:\/\/www.chefoncalldelivery.com\/latest\/fr\/?page_id=4621"},"modified":"2021-09-22T09:17:07","modified_gmt":"2021-09-22T13:17:07","slug":"commandez-en-ligne","status":"publish","type":"page","link":"https:\/\/chefoncalldelivery.com\/fr\/commandez-en-ligne\/","title":{"rendered":"Commandez en ligne"},"content":{"rendered":"<h2>\u00a0 \u00a0 \u00a0 \u00a0T\u00c9L\u00c9CHARGEZ L&#8217;APP FID\u00c9LIT\u00c9 CHEF ON CALL<\/h2>\n<p><a href=\"https:\/\/apps.apple.com\/ca\/app\/chef-on-call\/id1114016122\" target=\"_blank\" rel=\"noopener\"><img decoding=\"async\" class=\"alignnone size-full wp-image-160\" src=\"https:\/\/chefoncalldelivery.com\/latest\/wp-content\/uploads\/2016\/08\/app-store-button.png\" alt=\"\" width=\"200\" height=\"59\" \/><\/a>\u00a0 \u00a0 \u00a0 \u00a0 \u00a0 \u00a0 \u00a0 \u00a0 \u00a0 \u00a0 \u00a0 \u00a0 \u00a0 \u00a0 \u00a0 \u00a0 \u00a0 \u00a0 \u00a0 \u00a0 \u00a0 \u00a0 \u00a0 \u00a0 \u00a0 \u00a0 \u00a0 \u00a0 \u00a0 \u00a0 \u00a0 \u00a0 \u00a0 \u00a0 \u00a0 \u00a0 \u00a0 \u00a0 \u00a0 \u00a0 \u00a0\u00a0<a href=\"https:\/\/play.google.com\/store\/apps\/details?id=com.ishopfood.ChefOnCall&amp;hl=en_CA&amp;gl=US\" target=\"_blank\" rel=\"noopener\"><img decoding=\"async\" class=\"alignnone size-full wp-image-159\" src=\"https:\/\/chefoncalldelivery.com\/latest\/wp-content\/uploads\/2016\/08\/google-play-badge.png\" alt=\"\" width=\"200\" height=\"60\" \/><\/a><\/p>\n","protected":false},"excerpt":{"rendered":"<p>\u00a0 \u00a0 \u00a0 \u00a0T\u00c9L\u00c9CHARGEZ L&#8217;APP FID\u00c9LIT\u00c9 CHEF ON CALL \u00a0 \u00a0 \u00a0 \u00a0 \u00a0 \u00a0 \u00a0 \u00a0 \u00a0 \u00a0 \u00a0 [&hellip;]<\/p>\n","protected":false},"author":4,"featured_media":0,"parent":0,"menu_order":0,"comment_status":"closed","ping_status":"closed","template":"page-templates\/order-page.php","meta":{"_acf_changed":false,"two_page_speed":[],"footnotes":""},"class_list":["post-4621","page","type-page","status-publish","hentry"],"acf":[],"_links":{"self":[{"href":"https:\/\/chefoncalldelivery.com\/fr\/wp-json\/wp\/v2\/pages\/4621","targetHints":{"allow":["GET"]}}],"collection":[{"href":"https:\/\/chefoncalldelivery.com\/fr\/wp-json\/wp\/v2\/pages"}],"about":[{"href":"https:\/\/chefoncalldelivery.com\/fr\/wp-json\/wp\/v2\/types\/page"}],"author":[{"embeddable":true,"href":"https:\/\/chefoncalldelivery.com\/fr\/wp-json\/wp\/v2\/users\/4"}],"replies":[{"embeddable":true,"href":"https:\/\/chefoncalldelivery.com\/fr\/wp-json\/wp\/v2\/comments?post=4621"}],"version-history":[{"count":0,"href":"https:\/\/chefoncalldelivery.com\/fr\/wp-json\/wp\/v2\/pages\/4621\/revisions"}],"wp:attachment":[{"href":"https:\/\/chefoncalldelivery.com\/fr\/wp-json\/wp\/v2\/media?parent=4621"}],"curies":[{"name":"wp","href":"https:\/\/api.w.org\/{rel}","templated":true}]}}