{"id":921,"date":"2016-09-13T16:39:08","date_gmt":"2016-09-13T20:39:08","guid":{"rendered":"https:\/\/www.chefoncalldelivery.com\/latest\/fr\/privacy-policy\/"},"modified":"2017-07-27T12:11:29","modified_gmt":"2017-07-27T16:11:29","slug":"politiques-confidentialite","status":"publish","type":"page","link":"https:\/\/chefoncalldelivery.com\/fr\/politiques-confidentialite\/","title":{"rendered":"Politiques de confidentialit\u00e9"},"content":{"rendered":"<div class=\"privacy_policy\">\n<div class=\"mainheading_pr\"><span style=\"font-weight: 400;\">Politiques de confidentialit\u00e9<\/span><\/div>\n<p><span style=\"font-weight: 400;\">Nous recueillons des informations personnelles aupr\u00e8s de nos clients dans le cours normal des affaires.<\/span><span style=\"font-weight: 400;\"><br \/>\n<\/span><span style=\"font-weight: 400;\"><br \/>\n<\/span><span style=\"font-weight: 400;\">Nous recueillons les informations personnelles suivantes sur vous:<\/span><span style=\"font-weight: 400;\"><br \/>\n<\/span><span style=\"font-weight: 400;\"><br \/>\n<\/span><span style=\"font-weight: 400;\">pr\u00e9nom<\/span><span style=\"font-weight: 400;\"><br \/>\n<\/span><span style=\"font-weight: 400;\">Adresse<\/span><span style=\"font-weight: 400;\"><br \/>\n<\/span><span style=\"font-weight: 400;\">code postal<\/span><span style=\"font-weight: 400;\"><br \/>\n<\/span><span style=\"font-weight: 400;\">Num\u00e9ro de t\u00e9l\u00e9phone<\/span><span style=\"font-weight: 400;\"><br \/>\n<\/span><span style=\"font-weight: 400;\">Adresse e-mail<\/span><span style=\"font-weight: 400;\"><br \/>\n<\/span><span style=\"font-weight: 400;\"><br \/>\n<\/span><span style=\"font-weight: 400;\">Lorsque vous visitez notre site Web, nous recueillons \u00e9galement:<\/span><span style=\"font-weight: 400;\"><br \/>\n<\/span><span style=\"font-weight: 400;\"><br \/>\n<\/span><span style=\"font-weight: 400;\">Des informations sur votre ordinateur, y compris votre adresse IP, le type de syst\u00e8me d&#8217;exploitation et le navigateur que vous utilisez,<\/span><span style=\"font-weight: 400;\"><br \/>\n<\/span><span style=\"font-weight: 400;\">Et l&#8217;emplacement de votre ordinateur<\/span><span style=\"font-weight: 400;\"><br \/>\n<\/span><span style=\"font-weight: 400;\">Quelles pages vous visitez sur notre site et quels liens vous cliquez sur<\/span><span style=\"font-weight: 400;\"><br \/>\n<\/span><span style=\"font-weight: 400;\">Quels autres sites vous avez visit\u00e9s r\u00e9cemment<\/span><span style=\"font-weight: 400;\"><br \/>\n<\/span><span style=\"font-weight: 400;\"><br \/>\n<\/span><span style=\"font-weight: 400;\">Les principales raisons pour lesquelles nous recueillons des informations personnelles sont:<\/span><span style=\"font-weight: 400;\"><br \/>\n<\/span><span style=\"font-weight: 400;\"><br \/>\n<\/span><span style=\"font-weight: 400;\">Pour compl\u00e9ter une vente \/ transaction<\/span><span style=\"font-weight: 400;\"><br \/>\n<\/span><span style=\"font-weight: 400;\">Services de livraison<\/span><span style=\"font-weight: 400;\"><br \/>\n<\/span><span style=\"font-weight: 400;\">Service Clients<\/span><span style=\"font-weight: 400;\"><br \/>\n<\/span><span style=\"font-weight: 400;\">Gestion de la relation client<\/span><span style=\"font-weight: 400;\"><br \/>\n<\/span><span style=\"font-weight: 400;\">Commercialisation<\/span><span style=\"font-weight: 400;\"><br \/>\n<\/span><span style=\"font-weight: 400;\"><br \/>\n<\/span><span style=\"font-weight: 400;\">Si c&#8217;est une partie n\u00e9cessaire de l&#8217;une de ces transactions, nous pouvons divulguer vos informations \u00e0 une autre soci\u00e9t\u00e9.<\/span><span style=\"font-weight: 400;\"><br \/>\n<\/span><span style=\"font-weight: 400;\"><br \/>\n<\/span><span style=\"font-weight: 400;\">Nous transmettons \u00e9galement votre nom, votre num\u00e9ro de t\u00e9l\u00e9phone et votre adresse \u00e0 un courrier pour compl\u00e9ter une livraison.<\/span><span style=\"font-weight: 400;\"><br \/>\n<\/span><span style=\"font-weight: 400;\"><br \/>\n<\/span><span style=\"font-weight: 400;\">Partage de renseignements personnels avec des tiers<\/span><span style=\"font-weight: 400;\"><br \/>\n<\/span><span style=\"font-weight: 400;\"><br \/>\n<\/span><span style=\"font-weight: 400;\">Nous ne partageons pas vos informations personnelles avec des tiers.<\/span><\/p>\n<p><span style=\"font-weight: 400;\">Contactez-nous<\/span><span style=\"font-weight: 400;\"><br \/>\n<\/span><span style=\"font-weight: 400;\">Si vous avez des questions ou des pr\u00e9occupations au sujet de la D\u00e9claration de confidentialit\u00e9 de la livraison Chef On Call et \/ ou des pratiques, contactez Chef On Call en utilisant l&#8217;adresse \u00e9lectronique suivante: info@chefoncalldelivery.com<\/span><\/p>\n<\/div>\n","protected":false},"excerpt":{"rendered":"<p>Politiques de confidentialit\u00e9 Nous recueillons des informations personnelles aupr\u00e8s de nos clients dans le cours normal des affaires. Nous recueillons [&hellip;]<\/p>\n","protected":false},"author":1,"featured_media":0,"parent":0,"menu_order":0,"comment_status":"closed","ping_status":"closed","template":"page-templates\/defaut.php","meta":{"_acf_changed":false,"two_page_speed":[],"footnotes":""},"class_list":["post-921","page","type-page","status-publish","hentry"],"acf":[],"_links":{"self":[{"href":"https:\/\/chefoncalldelivery.com\/fr\/wp-json\/wp\/v2\/pages\/921","targetHints":{"allow":["GET"]}}],"collection":[{"href":"https:\/\/chefoncalldelivery.com\/fr\/wp-json\/wp\/v2\/pages"}],"about":[{"href":"https:\/\/chefoncalldelivery.com\/fr\/wp-json\/wp\/v2\/types\/page"}],"author":[{"embeddable":true,"href":"https:\/\/chefoncalldelivery.com\/fr\/wp-json\/wp\/v2\/users\/1"}],"replies":[{"embeddable":true,"href":"https:\/\/chefoncalldelivery.com\/fr\/wp-json\/wp\/v2\/comments?post=921"}],"version-history":[{"count":0,"href":"https:\/\/chefoncalldelivery.com\/fr\/wp-json\/wp\/v2\/pages\/921\/revisions"}],"wp:attachment":[{"href":"https:\/\/chefoncalldelivery.com\/fr\/wp-json\/wp\/v2\/media?parent=921"}],"curies":[{"name":"wp","href":"https:\/\/api.w.org\/{rel}","templated":true}]}}